{"id":138,"date":"2026-03-25T06:48:00","date_gmt":"2026-03-25T06:48:00","guid":{"rendered":"https:\/\/naturally-happiness.com\/?page_id=138"},"modified":"2026-04-01T08:05:48","modified_gmt":"2026-04-01T08:05:48","slug":"unterstuetzungsangebote","status":"publish","type":"page","link":"https:\/\/naturally-happiness.com\/?page_id=138","title":{"rendered":""},"content":{"rendered":"\n<div class=\"wp-block-group alignfull has-global-padding is-layout-constrained wp-container-core-group-is-layout-5cb35530 wp-block-group-is-layout-constrained\" style=\"padding-top:0;padding-right:var(--wp--preset--spacing--60);padding-bottom:0;padding-left:var(--wp--preset--spacing--60)\">\n<div class=\"wp-block-group has-global-padding is-layout-constrained wp-container-core-group-is-layout-650790e1 wp-block-group-is-layout-constrained\">\n<h1 class=\"wp-block-heading has-text-align-center has-x-large-font-size\">Zeit f\u00fcr wirklich sinnvolles Nutzen und gewisse Arbeit auslagern!<\/h1>\n\n\n\n<div style=\"height:1.25rem\" aria-hidden=\"true\" class=\"wp-block-spacer\"><\/div>\n\n\n\n<p class=\"has-text-align-center\">Manchmal braucht es einfach kreative Ideen, damit man sich um seine wesentlichen Dinge k\u00fcmmern kann. Du entscheidest, was du auslagerst, wir machen den Rest von der Ferne aus!<\/p>\n\n\n\n<div style=\"height:1.25rem\" aria-hidden=\"true\" class=\"wp-block-spacer\"><\/div>\n<\/div>\n\n\n\n<div style=\"height:var(--wp--preset--spacing--30)\" aria-hidden=\"true\" class=\"wp-block-spacer\"><\/div>\n\n\n\n<figure class=\"wp-block-gallery alignwide has-nested-images columns-default is-cropped wp-block-gallery-2 is-layout-flex wp-block-gallery-is-layout-flex\">\n<figure class=\"wp-block-image size-full is-style-rounded is-style-rounded--1\" style=\"margin-top:0;margin-bottom:0\"><img loading=\"lazy\" decoding=\"async\" width=\"724\" height=\"483\" data-id=\"146\" src=\"https:\/\/naturally-happiness.com\/wp-content\/uploads\/2026\/03\/iStock-1415862623.jpg\" alt=\"\" class=\"wp-image-146\" srcset=\"https:\/\/naturally-happiness.com\/wp-content\/uploads\/2026\/03\/iStock-1415862623.jpg 724w, https:\/\/naturally-happiness.com\/wp-content\/uploads\/2026\/03\/iStock-1415862623-300x200.jpg 300w\" sizes=\"auto, (max-width: 724px) 100vw, 724px\" \/><\/figure>\n<\/figure>\n<\/div>\n\n\n\n<div class=\"wp-block-group alignfull has-base-2-background-color has-background has-global-padding is-layout-constrained wp-container-core-group-is-layout-796362d6 wp-block-group-is-layout-constrained\" style=\"margin-top:0;margin-bottom:0;padding-top:var(--wp--preset--spacing--40);padding-right:var(--wp--preset--spacing--50);padding-bottom:var(--wp--preset--spacing--40);padding-left:var(--wp--preset--spacing--50)\">\n<div class=\"wp-block-group is-vertical is-content-justification-center is-layout-flex wp-container-core-group-is-layout-52b864f0 wp-block-group-is-layout-flex\">\n<h2 class=\"wp-block-heading has-text-align-center is-style-asterisk\">Unsere Leidenschaft ist die B\u00fcroarbeit und Organisation<\/h2>\n\n\n\n<div style=\"height:0px\" aria-hidden=\"true\" class=\"wp-block-spacer wp-container-content-4f2ccadb\"><\/div>\n\n\n\n<p class=\"has-text-align-center\">Unser umfangreiches Dienstleistungsangebot richtet sich an kleinere KMU&#8217;s oder private Personen f\u00fcr die Verwaltung und Organisation von Buchhaltungen und IT Problemen. <\/p>\n<\/div>\n\n\n\n<div style=\"margin-top:0;margin-bottom:0;height:37px\" aria-hidden=\"true\" class=\"wp-block-spacer\"><\/div>\n\n\n\n<div class=\"wp-block-columns alignwide is-layout-flex wp-container-core-columns-is-layout-d0bbbce0 wp-block-columns-is-layout-flex\">\n<div class=\"wp-block-column is-layout-flow wp-container-core-column-is-layout-e3d1c41b wp-block-column-is-layout-flow\">\n<h3 class=\"wp-block-heading has-text-align-left is-style-asterisk has-body-font-family has-medium-font-size\" style=\"font-style:normal;font-weight:600\">Lohnadministration<\/h3>\n\n\n\n<p class=\"has-text-align-left\">Egal wie klein, wir helfen dir bei der Lohnadministration. Im Lohnwesen gibt es soviele Fragen und Unklarheiten. Wir sind f\u00fcr dich da!<\/p>\n<\/div>\n\n\n\n<div class=\"wp-block-column is-layout-flow wp-container-core-column-is-layout-e3d1c41b wp-block-column-is-layout-flow\">\n<h3 class=\"wp-block-heading has-text-align-left is-style-asterisk has-body-font-family has-medium-font-size\" style=\"font-style:normal;font-weight:600\">Buchhaltungen<\/h3>\n\n\n\n<p class=\"has-text-align-left\">M\u00f6chtest du deine Buchhaltung strukturieren und sauber verarbeiten, mit unserer Hilfe nehmen wir das gemeinsam in Angriff und k\u00fcmmern uns je nach Bedarf darum.<\/p>\n<\/div>\n\n\n\n<div class=\"wp-block-column is-layout-flow wp-container-core-column-is-layout-e3d1c41b wp-block-column-is-layout-flow\">\n<h3 class=\"wp-block-heading has-text-align-left is-style-asterisk has-body-font-family has-medium-font-size\" style=\"font-style:normal;font-weight:600\">Organisation von Strukturen<\/h3>\n\n\n\n<p class=\"has-text-align-left\">F\u00fcr gute Fundamente braucht es Strukturen im Alltag. Durch unsere langj\u00e4hrige Erfahrung, helfen wir dir, diese zu setzen und Klarheit zu verschaffen.<\/p>\n<\/div>\n<\/div>\n\n\n\n<div style=\"height:var(--wp--preset--spacing--20)\" aria-hidden=\"true\" class=\"wp-block-spacer\"><\/div>\n\n\n\n<div class=\"wp-block-columns alignwide is-layout-flex wp-container-core-columns-is-layout-d0bbbce0 wp-block-columns-is-layout-flex\">\n<div class=\"wp-block-column is-layout-flow wp-container-core-column-is-layout-e3d1c41b wp-block-column-is-layout-flow\">\n<h3 class=\"wp-block-heading has-text-align-left is-style-asterisk has-body-font-family has-medium-font-size\" style=\"font-style:normal;font-weight:600\">Informatik<\/h3>\n\n\n\n<p class=\"has-text-align-left\">Was w\u00e4re eine gute B\u00fcroorganisation ohne funktionierende IT? Wir helfen dir gute L\u00f6sungen zu finden und im Alltag umzusetzen. Durch unsere Fernwartung k\u00f6nnen wir dir \u00fcberall auf der Welt weiterhelfen.<\/p>\n<\/div>\n\n\n\n<div class=\"wp-block-column is-layout-flow wp-container-core-column-is-layout-e3d1c41b wp-block-column-is-layout-flow\">\n<h3 class=\"wp-block-heading has-text-align-left is-style-asterisk has-body-font-family has-medium-font-size\" style=\"font-style:normal;font-weight:600\">Beratungen<\/h3>\n\n\n\n<p class=\"has-text-align-left\">Manchmal braucht es einfach einen Austausch zwischen Unternehmern. Auch hier stehen wir dir mit Rat und Tat zur Seite.<\/p>\n<\/div>\n\n\n\n<div class=\"wp-block-column is-layout-flow wp-container-core-column-is-layout-e3d1c41b wp-block-column-is-layout-flow\">\n<h3 class=\"wp-block-heading has-text-align-left is-style-asterisk has-body-font-family has-medium-font-size\" style=\"font-style:normal;font-weight:600\">Zeit<\/h3>\n\n\n\n<p class=\"has-text-align-left\">Durch unsere HIlfe, bekommst du mehr Zeit f\u00fcr deine wesentlichen Dinge. Dieser Faktor ist unbezahlbar.<\/p>\n<\/div>\n<\/div>\n\n\n\n<figure class=\"wp-block-image size-full\"><img loading=\"lazy\" decoding=\"async\" width=\"724\" height=\"483\" src=\"https:\/\/naturally-happiness.com\/wp-content\/uploads\/2026\/03\/iStock-872594046.jpg\" alt=\"\" class=\"wp-image-144\" srcset=\"https:\/\/naturally-happiness.com\/wp-content\/uploads\/2026\/03\/iStock-872594046.jpg 724w, https:\/\/naturally-happiness.com\/wp-content\/uploads\/2026\/03\/iStock-872594046-300x200.jpg 300w\" sizes=\"auto, (max-width: 724px) 100vw, 724px\" \/><\/figure>\n<\/div>\n\n\n\n<div class=\"wp-block-group alignfull has-global-padding is-layout-constrained wp-container-core-group-is-layout-cb151cc7 wp-block-group-is-layout-constrained\" style=\"margin-top:0;margin-bottom:0;padding-top:0;padding-right:var(--wp--preset--spacing--50);padding-bottom:0;padding-left:var(--wp--preset--spacing--50)\">\n<div class=\"wp-block-group alignwide has-global-padding is-layout-constrained wp-container-core-group-is-layout-19e250f3 wp-block-group-is-layout-constrained\">\n<div class=\"wp-block-group is-vertical is-content-justification-center is-layout-flex wp-container-core-group-is-layout-6329a8f3 wp-block-group-is-layout-flex\">\n<h2 class=\"wp-block-heading has-text-align-center is-style-asterisk\">Verschiedene L\u00f6sungen<\/h2>\n\n\n\n<p class=\"has-text-align-center\">Unser umfassendes Angebot an professionellen Dienstleistungen bietet verschiedene L\u00f6sungen f\u00fcr Unternehmer. Mit unseren fixen Monatsabos verschaffst du dir Unabh\u00e4ngigkeit und mehr Zeit. \u00c4hnlich wie in einem 1 zu 1 Coaching, einfach Zielgerichtet an deine Bed\u00fcrfnisse und das Beste ortsunabh\u00e4nging. Du brauchst daf\u00fcr keine Voraussetzungen, wir bringen alle Technik f\u00fcr dich mit. F\u00fcr Arbeiten die nicht so genau beziffert werden k\u00f6nnen, bieten wir mit unseren Flexiblen Abos einfach Zeitgutschriften, welche 1 Jahr g\u00fcltig sind. F\u00fcr was entscheidest du dich?<\/p>\n\n\n\n<h2 class=\"wp-block-heading has-text-align-center is-style-asterisk\">Was bekommst du?<\/h2>\n\n\n\n<p class=\"has-text-align-center\">Nach der Buchung, nehmen wir mit dir Kontakt auf und erteilen dir den Zugriff zu deinem pers\u00f6nlichen Mitgliederbereich. Der Zugriff darauf ist gem\u00e4ss deinen Angaben beschr\u00e4nkt, du entscheidest, wer alles mitlist. In diesem pers\u00f6nlichen Bereich teilst du mit uns deine Belege und Informationen, wir teilen mit dir dort all unsere geleisteten Dokumente und Unterlagen. Im Falle einer K\u00fcndigung des Abos hast du noch 5 Tage nach Ablauf des Abos Zeit, deine Unterlagen herunterzuladen. Anschliessend wir infolge Datensicherheit alles in deinem pers\u00f6nlichen Mitgliederbereich gel\u00f6scht. <\/p>\n<\/div>\n\n\n\n<div style=\"height:90px\" aria-hidden=\"true\" class=\"wp-block-spacer\"><\/div>\n\n\n\n<h2 class=\"wp-block-heading has-text-align-center is-style-asterisk\">Unsere M\u00f6glichkeiten<\/h2>\n\n\n\n<div style=\"height:52px\" aria-hidden=\"true\" class=\"wp-block-spacer\"><\/div>\n\n\n\n<div class=\"wp-block-columns is-layout-flex wp-container-core-columns-is-layout-28f84493 wp-block-columns-is-layout-flex\">\n<div class=\"wp-block-column is-layout-flow wp-block-column-is-layout-flow\">\n<div class=\"wp-block-buttons is-content-justification-left is-layout-flex wp-container-core-buttons-is-layout-fc4fd283 wp-block-buttons-is-layout-flex\">\n<div class=\"wp-block-button\"><a class=\"wp-block-button__link has-accent-2-background-color has-background wp-element-button\">Monatliches online Abo<br>&#8222;nur f\u00fcr bestehende Kunden&#8220;<\/a><\/div>\n<\/div>\n<\/div>\n\n\n\n<div class=\"wp-block-column is-layout-flow wp-block-column-is-layout-flow\">\n<div class=\"wp-block-buttons is-content-justification-left is-layout-flex wp-container-core-buttons-is-layout-fc4fd283 wp-block-buttons-is-layout-flex\">\n<div class=\"wp-block-button\"><a class=\"wp-block-button__link has-accent-2-background-color has-background wp-element-button\">Flex Paket online mit Zeitgutschrift<br>f\u00fcr Administration<\/a><\/div>\n<\/div>\n<\/div>\n\n\n\n<div class=\"wp-block-column is-layout-flow wp-block-column-is-layout-flow\">\n<div class=\"wp-block-buttons is-content-justification-left is-layout-flex wp-container-core-buttons-is-layout-fc4fd283 wp-block-buttons-is-layout-flex\">\n<div class=\"wp-block-button\"><a class=\"wp-block-button__link has-accent-2-background-color has-background wp-element-button\">Flex Pakete online mit Zeitgutschrift <br>f\u00fcr IT Hilfe<\/a><\/div>\n<\/div>\n<\/div>\n<\/div>\n\n\n\n<div style=\"height:30px\" aria-hidden=\"true\" class=\"wp-block-spacer\"><\/div>\n\n\n\n<div class=\"wp-block-columns is-layout-flex wp-container-core-columns-is-layout-28f84493 wp-block-columns-is-layout-flex\">\n<div class=\"wp-block-column is-layout-flow wp-block-column-is-layout-flow\">\n<div class=\"wp-block-group is-vertical is-content-justification-center is-layout-flex wp-container-core-group-is-layout-ce155fab wp-block-group-is-layout-flex\">\n<details class=\"wp-block-details is-layout-flow wp-block-details-is-layout-flow\"><summary>Dein Sorglospaket f\u00fcr deine Administration und Strukturen.<\/summary>\n<p>Wir erledigen f\u00fcr dich alles was du brauchst. S\u00e4mtliche Arbeiten werden durch unsere Programme erstellt. Dieses Abo gilt nur f\u00fcr bestehende Kunden, welche bereits mit uns gearbeitet haben. Du bekommst daf\u00fcr Zugriff auf unsere Auswertungen.<\/p>\n<\/details>\n\n\n\n<div style=\"height:10px\" aria-hidden=\"true\" class=\"wp-block-spacer wp-container-content-728072c3\"><\/div>\n<\/div>\n\n\n\n<div class=\"wp-block-buttons is-content-justification-left is-layout-flex wp-container-core-buttons-is-layout-fc4fd283 wp-block-buttons-is-layout-flex\">\n<div class=\"wp-block-button\"><a class=\"wp-block-button__link has-accent-background-color has-background wp-element-button\" href=\"https:\/\/www.checkout-ds24.com\/product\/679191\" target=\"_blank\" rel=\"noreferrer noopener\">Jetzt online Abo buchen<\/a><\/div>\n<\/div>\n\n\n\n<div style=\"height:40px\" aria-hidden=\"true\" class=\"wp-block-spacer\"><\/div>\n<\/div>\n\n\n\n<div class=\"wp-block-column is-layout-flow wp-container-core-column-is-layout-e3d1c41b wp-block-column-is-layout-flow\" style=\"border-style:none;border-width:0px\">\n<details class=\"wp-block-details is-layout-flow wp-block-details-is-layout-flow\"><summary>Deiner Flexibilit\u00e4t bei der Administration sind keine Grenzen gesetzt.<\/summary>\n<p>Es werden nur effektiv geleistete Stunden abgerechnet im 5-Min-Takt. Nicht genutzte Minuten bleiben als Guthaben verf\u00fcgbar und werden in den n\u00e4chsten Monat \u00fcbertragen. G\u00fcltigkeit max. 1 Jahr ab Bestellung. <\/p>\n<\/details>\n\n\n\n<div style=\"height:15px\" aria-hidden=\"true\" class=\"wp-block-spacer\"><\/div>\n\n\n\n<div class=\"wp-block-buttons is-content-justification-left is-layout-flex wp-container-core-buttons-is-layout-fc4fd283 wp-block-buttons-is-layout-flex\">\n<div class=\"wp-block-button\"><a class=\"wp-block-button__link has-accent-background-color has-background wp-element-button\" href=\"https:\/\/www.checkout-ds24.com\/product\/666564\" target=\"_blank\" rel=\"noreferrer noopener\">Flex Abo Ultra-Mini 24h buchen<\/a><\/div>\n<\/div>\n\n\n\n<div class=\"wp-block-buttons is-content-justification-left is-layout-flex wp-container-core-buttons-is-layout-fc4fd283 wp-block-buttons-is-layout-flex\">\n<div class=\"wp-block-button\"><a class=\"wp-block-button__link has-accent-background-color has-background wp-element-button\" href=\"https:\/\/www.checkout-ds24.com\/product\/666559\" target=\"_blank\" rel=\"noreferrer noopener\">Flex Abo-Mini 48h buchen<\/a><\/div>\n<\/div>\n\n\n\n<div style=\"height:43px\" aria-hidden=\"true\" class=\"wp-block-spacer\"><\/div>\n<\/div>\n\n\n\n<div class=\"wp-block-column is-layout-flow wp-container-core-column-is-layout-e3d1c41b wp-block-column-is-layout-flow\" style=\"border-style:none;border-width:0px\">\n<details class=\"wp-block-details is-layout-flow wp-block-details-is-layout-flow\"><summary>Brauchst du Fernhilfe mit deinem Computer? <\/summary>\n<p>Benutze die Hilfe, wenn du sie brauchst. Es werden nur effektiv geleistete Minuten abgerechnet im 5-Min-Takt. Nicht genutzte Minuten bleiben als Guthaben verf\u00fcgbar und werden in den n\u00e4chsten Monat \u00fcbertragen. G\u00fcltigkeit max. 1 Jahr ab Bestellung. <\/p>\n<\/details>\n\n\n\n<div style=\"height:39px\" aria-hidden=\"true\" class=\"wp-block-spacer\"><\/div>\n\n\n\n<div class=\"wp-block-buttons is-content-justification-left is-layout-flex wp-container-core-buttons-is-layout-fc4fd283 wp-block-buttons-is-layout-flex\">\n<div class=\"wp-block-button\"><a class=\"wp-block-button__link has-accent-background-color has-background wp-element-button\" href=\"https:\/\/www.checkout-ds24.com\/product\/666540\" target=\"_blank\" rel=\"noreferrer noopener\">Flex Fernhilfe 60 Min buchen<\/a><\/div>\n<\/div>\n\n\n\n<div class=\"wp-block-buttons is-content-justification-left is-layout-flex wp-container-core-buttons-is-layout-fc4fd283 wp-block-buttons-is-layout-flex\">\n<div class=\"wp-block-button\"><a class=\"wp-block-button__link has-accent-background-color has-background wp-element-button\" href=\"https:\/\/www.checkout-ds24.com\/product\/666543\" target=\"_blank\" rel=\"noreferrer noopener\">Flex Fernhilfe 120 Minuten buchen<\/a><\/div>\n<\/div>\n\n\n\n<div style=\"height:43px\" aria-hidden=\"true\" class=\"wp-block-spacer\"><\/div>\n<\/div>\n<\/div>\n<\/div>\n\n\n\n<div class=\"wp-block-buttons is-content-justification-left is-layout-flex wp-container-core-buttons-is-layout-fc4fd283 wp-block-buttons-is-layout-flex\">\n<div class=\"wp-block-button has-custom-width wp-block-button__width-100\"><a class=\"wp-block-button__link has-accent-2-background-color has-background wp-element-button\">1 zu 1 Coaching nach pers. Kontaktaufnahme<\/a><\/div>\n<\/div>\n\n\n\n<details class=\"wp-block-details is-layout-flow wp-block-details-is-layout-flow\"><summary>Wir bieten auch die M\u00f6glichkeit f\u00fcr ein pers\u00f6nliches online 1 zu 1 Coaching. Da schauen wir gemeinsam, was du brauchst.<\/summary>\n<p>Wenn du daran Interesse hast, kontaktiere uns direkt. Wir pr\u00fcfen gemeinsam in einer Vorabkl\u00e4rung, wie wir dir helfen k\u00f6nnen und zeigen dir, was es f\u00fcr M\u00f6glichkeiten f\u00fcr eine Zusammenarbeit gibt.<\/p>\n<\/details>\n\n\n\n<figure class=\"wp-block-image aligncenter size-full is-style-rounded is-style-rounded--3\"><img loading=\"lazy\" decoding=\"async\" width=\"479\" height=\"320\" src=\"https:\/\/naturally-happiness.com\/wp-content\/uploads\/2026\/03\/iStock-2075750885-edited-2.jpg\" alt=\"\" class=\"wp-image-179\" srcset=\"https:\/\/naturally-happiness.com\/wp-content\/uploads\/2026\/03\/iStock-2075750885-edited-2.jpg 479w, https:\/\/naturally-happiness.com\/wp-content\/uploads\/2026\/03\/iStock-2075750885-edited-2-300x200.jpg 300w\" sizes=\"auto, (max-width: 479px) 100vw, 479px\" \/><\/figure>\n\n\n\n<p class=\"has-text-align-center\"><sub>Der Verkauf l\u00e4uft bei allen Varianten \u00fcber Digistore24 (es werden keine Buchhaltungs- oder steuerlichen Leistungen \u00fcber Digistore24 erbracht), R\u00fcckgaberecht 14 Tage.<\/sub><\/p>\n\n\n\n<div style=\"height:8px\" aria-hidden=\"true\" class=\"wp-block-spacer\"><\/div>\n<\/div>\n\n\n\n<p><\/p>\n","protected":false},"excerpt":{"rendered":"<p>Zeit f\u00fcr wirklich sinnvolles Nutzen und gewisse Arbeit auslagern! Manchmal braucht es einfach kreative Ideen, damit man sich um seine wesentlichen Dinge k\u00fcmmern kann. Du entscheidest, was du auslagerst, wir machen den Rest von der Ferne aus! Unsere Leidenschaft ist die B\u00fcroarbeit und Organisation Unser umfangreiches Dienstleistungsangebot richtet sich an kleinere KMU&#8217;s oder private Personen [&hellip;]<\/p>\n","protected":false},"author":2,"featured_media":0,"parent":0,"menu_order":0,"comment_status":"closed","ping_status":"closed","template":"","meta":{"footnotes":""},"class_list":["post-138","page","type-page","status-publish","hentry"],"_links":{"self":[{"href":"https:\/\/naturally-happiness.com\/index.php?rest_route=\/wp\/v2\/pages\/138","targetHints":{"allow":["GET"]}}],"collection":[{"href":"https:\/\/naturally-happiness.com\/index.php?rest_route=\/wp\/v2\/pages"}],"about":[{"href":"https:\/\/naturally-happiness.com\/index.php?rest_route=\/wp\/v2\/types\/page"}],"author":[{"embeddable":true,"href":"https:\/\/naturally-happiness.com\/index.php?rest_route=\/wp\/v2\/users\/2"}],"replies":[{"embeddable":true,"href":"https:\/\/naturally-happiness.com\/index.php?rest_route=%2Fwp%2Fv2%2Fcomments&post=138"}],"version-history":[{"count":45,"href":"https:\/\/naturally-happiness.com\/index.php?rest_route=\/wp\/v2\/pages\/138\/revisions"}],"predecessor-version":[{"id":208,"href":"https:\/\/naturally-happiness.com\/index.php?rest_route=\/wp\/v2\/pages\/138\/revisions\/208"}],"wp:attachment":[{"href":"https:\/\/naturally-happiness.com\/index.php?rest_route=%2Fwp%2Fv2%2Fmedia&parent=138"}],"curies":[{"name":"wp","href":"https:\/\/api.w.org\/{rel}","templated":true}]}}